{"id":1530,"date":"2022-11-29T01:51:59","date_gmt":"2022-11-29T01:51:59","guid":{"rendered":"https:\/\/www.baptistafernandes.pt\/problemas-que-se-resolvem-com-medicina-estetica\/"},"modified":"2024-06-25T15:01:57","modified_gmt":"2024-06-25T15:01:57","slug":"problemas-que-se-resolvem-com-medicina-estetica","status":"publish","type":"page","link":"https:\/\/www.baptistafernandes.pt\/en\/problemas-que-se-resolvem-com-medicina-estetica\/","title":{"rendered":"Problems that can be solved with aesthetic medicine"},"content":{"rendered":"","protected":false},"excerpt":{"rendered":"","protected":false},"author":1,"featured_media":0,"parent":0,"menu_order":0,"comment_status":"closed","ping_status":"closed","template":"template-problems.php","meta":{"_acf_changed":false,"footnotes":""},"class_list":["post-1530","page","type-page","status-publish","hentry"],"acf":[],"yoast_head":"<!-- This site is optimized with the Yoast SEO plugin v27.5 - https:\/\/yoast.com\/product\/yoast-seo-wordpress\/ -->\n<title>Problems that can be solved with aesthetic medicine &#8211; Cl\u00ednica Baptista Fernandes | Cirurgia Pl\u00e1stica Reconstrutiva e Est\u00e9tica<\/title>\n<meta name=\"robots\" content=\"index, follow, max-snippet:-1, max-image-preview:large, max-video-preview:-1\" \/>\n<link rel=\"canonical\" href=\"https:\/\/www.baptistafernandes.pt\/en\/problemas-que-se-resolvem-com-medicina-estetica\/\" \/>\n<meta property=\"og:locale\" content=\"en_US\" \/>\n<meta property=\"og:type\" content=\"article\" \/>\n<meta property=\"og:title\" content=\"Problems that can be solved with aesthetic medicine &#8211; Cl\u00ednica Baptista Fernandes | Cirurgia Pl\u00e1stica Reconstrutiva e Est\u00e9tica\" \/>\n<meta property=\"og:url\" content=\"https:\/\/www.baptistafernandes.pt\/en\/problemas-que-se-resolvem-com-medicina-estetica\/\" \/>\n<meta property=\"og:site_name\" content=\"Cl\u00ednica Baptista Fernandes | Cirurgia Pl\u00e1stica Reconstrutiva e Est\u00e9tica\" \/>\n<meta property=\"article:modified_time\" content=\"2024-06-25T15:01:57+00:00\" \/>\n<meta name=\"twitter:card\" content=\"summary_large_image\" \/>\n<script type=\"application\/ld+json\" class=\"yoast-schema-graph\">{\"@context\":\"https:\\\/\\\/schema.org\",\"@graph\":[{\"@type\":\"WebPage\",\"@id\":\"https:\\\/\\\/www.baptistafernandes.pt\\\/en\\\/problemas-que-se-resolvem-com-medicina-estetica\\\/\",\"url\":\"https:\\\/\\\/www.baptistafernandes.pt\\\/en\\\/problemas-que-se-resolvem-com-medicina-estetica\\\/\",\"name\":\"Problems that can be solved with aesthetic medicine &#8211; Cl\u00ednica Baptista Fernandes | Cirurgia Pl\u00e1stica Reconstrutiva e Est\u00e9tica\",\"isPartOf\":{\"@id\":\"https:\\\/\\\/www.baptistafernandes.pt\\\/en\\\/#website\"},\"datePublished\":\"2022-11-29T01:51:59+00:00\",\"dateModified\":\"2024-06-25T15:01:57+00:00\",\"breadcrumb\":{\"@id\":\"https:\\\/\\\/www.baptistafernandes.pt\\\/en\\\/problemas-que-se-resolvem-com-medicina-estetica\\\/#breadcrumb\"},\"inLanguage\":\"en-US\",\"potentialAction\":[{\"@type\":\"ReadAction\",\"target\":[\"https:\\\/\\\/www.baptistafernandes.pt\\\/en\\\/problemas-que-se-resolvem-com-medicina-estetica\\\/\"]}]},{\"@type\":\"BreadcrumbList\",\"@id\":\"https:\\\/\\\/www.baptistafernandes.pt\\\/en\\\/problemas-que-se-resolvem-com-medicina-estetica\\\/#breadcrumb\",\"itemListElement\":[{\"@type\":\"ListItem\",\"position\":1,\"name\":\"In\u00edcio\",\"item\":\"https:\\\/\\\/www.baptistafernandes.pt\\\/en\\\/\"},{\"@type\":\"ListItem\",\"position\":2,\"name\":\"Problems that can be solved with aesthetic medicine\"}]},{\"@type\":\"WebSite\",\"@id\":\"https:\\\/\\\/www.baptistafernandes.pt\\\/en\\\/#website\",\"url\":\"https:\\\/\\\/www.baptistafernandes.pt\\\/en\\\/\",\"name\":\"Cl\u00ednica Baptista Fernandes | Cirurgia Pl\u00e1stica Reconstrutiva e Est\u00e9tica\",\"description\":\"\",\"potentialAction\":[{\"@type\":\"SearchAction\",\"target\":{\"@type\":\"EntryPoint\",\"urlTemplate\":\"https:\\\/\\\/www.baptistafernandes.pt\\\/en\\\/?s={search_term_string}\"},\"query-input\":{\"@type\":\"PropertyValueSpecification\",\"valueRequired\":true,\"valueName\":\"search_term_string\"}}],\"inLanguage\":\"en-US\"}]}<\/script>\n<!-- \/ Yoast SEO plugin. -->","yoast_head_json":{"title":"Problems that can be solved with aesthetic medicine &#8211; Cl\u00ednica Baptista Fernandes | Cirurgia Pl\u00e1stica Reconstrutiva e Est\u00e9tica","robots":{"index":"index","follow":"follow","max-snippet":"max-snippet:-1","max-image-preview":"max-image-preview:large","max-video-preview":"max-video-preview:-1"},"canonical":"https:\/\/www.baptistafernandes.pt\/en\/problemas-que-se-resolvem-com-medicina-estetica\/","og_locale":"en_US","og_type":"article","og_title":"Problems that can be solved with aesthetic medicine &#8211; Cl\u00ednica Baptista Fernandes | Cirurgia Pl\u00e1stica Reconstrutiva e Est\u00e9tica","og_url":"https:\/\/www.baptistafernandes.pt\/en\/problemas-que-se-resolvem-com-medicina-estetica\/","og_site_name":"Cl\u00ednica Baptista Fernandes | Cirurgia Pl\u00e1stica Reconstrutiva e Est\u00e9tica","article_modified_time":"2024-06-25T15:01:57+00:00","twitter_card":"summary_large_image","schema":{"@context":"https:\/\/schema.org","@graph":[{"@type":"WebPage","@id":"https:\/\/www.baptistafernandes.pt\/en\/problemas-que-se-resolvem-com-medicina-estetica\/","url":"https:\/\/www.baptistafernandes.pt\/en\/problemas-que-se-resolvem-com-medicina-estetica\/","name":"Problems that can be solved with aesthetic medicine &#8211; Cl\u00ednica Baptista Fernandes | Cirurgia Pl\u00e1stica Reconstrutiva e Est\u00e9tica","isPartOf":{"@id":"https:\/\/www.baptistafernandes.pt\/en\/#website"},"datePublished":"2022-11-29T01:51:59+00:00","dateModified":"2024-06-25T15:01:57+00:00","breadcrumb":{"@id":"https:\/\/www.baptistafernandes.pt\/en\/problemas-que-se-resolvem-com-medicina-estetica\/#breadcrumb"},"inLanguage":"en-US","potentialAction":[{"@type":"ReadAction","target":["https:\/\/www.baptistafernandes.pt\/en\/problemas-que-se-resolvem-com-medicina-estetica\/"]}]},{"@type":"BreadcrumbList","@id":"https:\/\/www.baptistafernandes.pt\/en\/problemas-que-se-resolvem-com-medicina-estetica\/#breadcrumb","itemListElement":[{"@type":"ListItem","position":1,"name":"In\u00edcio","item":"https:\/\/www.baptistafernandes.pt\/en\/"},{"@type":"ListItem","position":2,"name":"Problems that can be solved with aesthetic medicine"}]},{"@type":"WebSite","@id":"https:\/\/www.baptistafernandes.pt\/en\/#website","url":"https:\/\/www.baptistafernandes.pt\/en\/","name":"Cl\u00ednica Baptista Fernandes | Cirurgia Pl\u00e1stica Reconstrutiva e Est\u00e9tica","description":"","potentialAction":[{"@type":"SearchAction","target":{"@type":"EntryPoint","urlTemplate":"https:\/\/www.baptistafernandes.pt\/en\/?s={search_term_string}"},"query-input":{"@type":"PropertyValueSpecification","valueRequired":true,"valueName":"search_term_string"}}],"inLanguage":"en-US"}]}},"_links":{"self":[{"href":"https:\/\/www.baptistafernandes.pt\/en\/wp-json\/wp\/v2\/pages\/1530","targetHints":{"allow":["GET"]}}],"collection":[{"href":"https:\/\/www.baptistafernandes.pt\/en\/wp-json\/wp\/v2\/pages"}],"about":[{"href":"https:\/\/www.baptistafernandes.pt\/en\/wp-json\/wp\/v2\/types\/page"}],"author":[{"embeddable":true,"href":"https:\/\/www.baptistafernandes.pt\/en\/wp-json\/wp\/v2\/users\/1"}],"replies":[{"embeddable":true,"href":"https:\/\/www.baptistafernandes.pt\/en\/wp-json\/wp\/v2\/comments?post=1530"}],"version-history":[{"count":1,"href":"https:\/\/www.baptistafernandes.pt\/en\/wp-json\/wp\/v2\/pages\/1530\/revisions"}],"predecessor-version":[{"id":1531,"href":"https:\/\/www.baptistafernandes.pt\/en\/wp-json\/wp\/v2\/pages\/1530\/revisions\/1531"}],"wp:attachment":[{"href":"https:\/\/www.baptistafernandes.pt\/en\/wp-json\/wp\/v2\/media?parent=1530"}],"curies":[{"name":"wp","href":"https:\/\/api.w.org\/{rel}","templated":true}]}}